{"id":1469,"date":"2023-04-27T12:43:05","date_gmt":"2023-04-27T12:43:05","guid":{"rendered":"https:\/\/app-cprd-wits.azurewebsites.net\/?page_id=1469"},"modified":"2024-07-31T14:47:34","modified_gmt":"2024-07-31T14:47:34","slug":"cysylltwch-a-ni","status":"publish","type":"page","link":"https:\/\/www.wits.wales\/cy\/cysylltwch-a-ni\/","title":{"rendered":"Cysylltwch \u00e2 ni"},"content":{"rendered":"<div class=\"wpb-content-wrapper\"><p>[vc_row type=&#8221;full_width_section&#8221; bg_image=&#8221;80&#8243;][vc_column width=&#8221;1\/1&#8243;]<div class=\"spacer\" style=\"height: 230px;\"><\/div>[\/vc_column][\/vc_row][vc_row top_padding=&#8221;45&#8243; row_id=&#8221;Contact&#8221;][vc_column animation=&#8221;fade-in&#8221; width=&#8221;1\/1&#8243;][vc_column_text]<\/p>\n<h1>Cysylltwch \u00e2 ni<\/h1>\n<p>Os oes gennych gwestiwn neu\u2019n dymuno cael rhagor o wybodaeth am WITS cysylltwch \u00e2 ni.[\/vc_column_text][vc_tta_accordion shape=&#8221;square&#8221; spacing=&#8221;4&#8243; gap=&#8221;4&#8243; c_icon=&#8221;&#8221; active_section=&#8221;12&#8243; no_fill=&#8221;true&#8221; collapsible_all=&#8221;true&#8221;][vc_tta_section i_icon_fontawesome=&#8221;fas fa-mobile-alt&#8221; add_icon=&#8221;true&#8221; title=&#8221;Dros y ff\u00f4n&#8221; tab_id=&#8221;call&#8221;][vc_column_text]<a href=\"tel:02920 537 555\">02920 537 555<\/a><\/p>\n<p>7am &#8211; 10pm &#8211; Pob ymholiad<\/p>\n<p>10pm \u2013 7am &#8211; \u00a0Archebu dehonglydd ar frys[\/vc_column_text][\/vc_tta_section][vc_tta_section i_icon_fontawesome=&#8221;fas fa-pencil-alt&#8221; add_icon=&#8221;true&#8221; title=&#8221;Ar-lein&#8221; tab_id=&#8221;online&#8221;]\n<div class=\"wpcf7 no-js\" id=\"wpcf7-f822-o1\" lang=\"en-US\" dir=\"ltr\" data-wpcf7-id=\"822\">\n<div class=\"screen-reader-response\"><p role=\"status\" aria-live=\"polite\" aria-atomic=\"true\"><\/p> <ul><\/ul><\/div>\n<form action=\"\/cy\/wp-json\/wp\/v2\/pages\/1469#wpcf7-f822-o1\" method=\"post\" class=\"wpcf7-form init\" aria-label=\"Contact form\" novalidate=\"novalidate\" data-status=\"init\">\n<fieldset class=\"hidden-fields-container\"><input type=\"hidden\" name=\"_wpcf7\" value=\"822\" \/><input type=\"hidden\" name=\"_wpcf7_version\" value=\"6.1.5\" \/><input type=\"hidden\" name=\"_wpcf7_locale\" value=\"en_US\" \/><input type=\"hidden\" name=\"_wpcf7_unit_tag\" value=\"wpcf7-f822-o1\" \/><input type=\"hidden\" name=\"_wpcf7_container_post\" value=\"0\" \/><input type=\"hidden\" name=\"_wpcf7_posted_data_hash\" value=\"\" \/><input type=\"hidden\" name=\"_wpcf7cf_hidden_group_fields\" value=\"[]\" \/><input type=\"hidden\" name=\"_wpcf7cf_hidden_groups\" value=\"[]\" \/><input type=\"hidden\" name=\"_wpcf7cf_visible_groups\" value=\"[]\" \/><input type=\"hidden\" name=\"_wpcf7cf_repeaters\" value=\"[]\" \/><input type=\"hidden\" name=\"_wpcf7cf_steps\" value=\"{}\" \/><input type=\"hidden\" name=\"_wpcf7cf_options\" value=\"{&quot;form_id&quot;:822,&quot;conditions&quot;:[{&quot;then_field&quot;:&quot;interpreter&quot;,&quot;and_rules&quot;:[{&quot;if_field&quot;:&quot;contact-type&quot;,&quot;operator&quot;:&quot;equals&quot;,&quot;if_value&quot;:&quot;Dehonglydd&quot;}]},{&quot;then_field&quot;:&quot;partner&quot;,&quot;and_rules&quot;:[{&quot;if_field&quot;:&quot;contact-type&quot;,&quot;operator&quot;:&quot;equals&quot;,&quot;if_value&quot;:&quot;Partner&quot;}]},{&quot;then_field&quot;:&quot;join&quot;,&quot;and_rules&quot;:[{&quot;if_field&quot;:&quot;interp-type&quot;,&quot;operator&quot;:&quot;equals&quot;,&quot;if_value&quot;:&quot;Trafod archeb bresennol&quot;}]},{&quot;then_field&quot;:&quot;partbookref&quot;,&quot;and_rules&quot;:[{&quot;if_field&quot;:&quot;partn-type&quot;,&quot;operator&quot;:&quot;equals&quot;,&quot;if_value&quot;:&quot;Trafod archeb bresennol&quot;}]},{&quot;then_field&quot;:&quot;partinvoref&quot;,&quot;and_rules&quot;:[{&quot;if_field&quot;:&quot;partn-type&quot;,&quot;operator&quot;:&quot;equals&quot;,&quot;if_value&quot;:&quot;Anfoneb&quot;}]}],&quot;settings&quot;:{&quot;animation&quot;:&quot;yes&quot;,&quot;animation_intime&quot;:200,&quot;animation_outtime&quot;:200,&quot;conditions_ui&quot;:&quot;normal&quot;,&quot;notice_dismissed&quot;:false,&quot;notice_dismissed_rollback-cf7-5.7.4&quot;:true,&quot;notice_dismissed_rollback-cf7-5.9.3&quot;:true,&quot;notice_dismissed_rollback-cf7-5.9.5&quot;:true}}\" \/><input type=\"hidden\" name=\"_wpcf7_recaptcha_response\" value=\"\" \/>\n<\/fieldset>\n<div class=\"wpcf7-response-output\" aria-hidden=\"true\"><\/div>\n<p><label for=\"title\">Teitl<\/label><br \/>\n<span class=\"wpcf7-form-control-wrap\" data-name=\"title\"><select class=\"wpcf7-form-control wpcf7-select wpcf7-validates-as-required\" id=\"title\" aria-required=\"true\" aria-invalid=\"false\" name=\"title\"><option value=\"\">&#8212;Please choose an option&#8212;<\/option><option value=\"Mr\">Mr<\/option><option value=\"Miss\">Miss<\/option><option value=\"Mrs\">Mrs<\/option><option value=\"Ms\">Ms<\/option><option value=\"Mx\">Mx<\/option><option value=\"Doctor\">Doctor<\/option><option value=\"Athro\">Athro<\/option><\/select><\/span>\n<\/p>\n<p><label for=\"name\">Enw Cyntaf<\/label><br \/>\n<span class=\"wpcf7-form-control-wrap\" data-name=\"your-firstname\"><input size=\"40\" maxlength=\"400\" class=\"wpcf7-form-control wpcf7-text wpcf7-validates-as-required\" id=\"name\" autocomplete=\"given-name\" aria-required=\"true\" aria-invalid=\"false\" value=\"\" type=\"text\" name=\"your-firstname\" \/><\/span>\n<\/p>\n<p><label for=\"lastname\">Cyfenw<\/label><br \/>\n<span class=\"wpcf7-form-control-wrap\" data-name=\"your-lastname\"><input size=\"40\" maxlength=\"400\" class=\"wpcf7-form-control wpcf7-text wpcf7-validates-as-required\" id=\"lastname\" autocomplete=\"family-name\" aria-required=\"true\" aria-invalid=\"false\" value=\"\" type=\"text\" name=\"your-lastname\" \/><\/span>\n<\/p>\n<p><label for=\"e-mail\">Cyfeiriad E-bost<\/label><br \/>\n<span class=\"wpcf7-form-control-wrap\" data-name=\"your-email\"><input size=\"40\" maxlength=\"400\" class=\"wpcf7-form-control wpcf7-email wpcf7-validates-as-required wpcf7-text wpcf7-validates-as-email\" id=\"e-mail\" autocomplete=\"email\" aria-required=\"true\" aria-invalid=\"false\" value=\"\" type=\"email\" name=\"your-email\" \/><\/span>\n<\/p>\n<p><label for=\"contact-type\">Dewiswch eich r\u00f4l:<\/label>\n<\/p>\n<p><span class=\"wpcf7-form-control-wrap\" data-name=\"contact-type\"><span class=\"wpcf7-form-control wpcf7-checkbox wpcf7-validates-as-required wpcf7-exclusive-checkbox\" id=\"contact-type\"><span class=\"wpcf7-list-item first\"><label><input type=\"checkbox\" name=\"contact-type\" value=\"Dehonglydd\" \/><span class=\"wpcf7-list-item-label\">Dehonglydd<\/span><\/label><\/span><span class=\"wpcf7-list-item last\"><label><input type=\"checkbox\" name=\"contact-type\" value=\"Partner\" \/><span class=\"wpcf7-list-item-label\">Partner<\/span><\/label><\/span><\/span><\/span>\n<\/p>\n<div data-id=\"interpreter\" data-orig_data_id=\"interpreter\" data-clear_on_hide class=\"\" data-class=\"wpcf7cf_group\">\n\t<p><strong><label for=\"interp-type\">Beth yw natur eich ymholiad?<\/label><\/strong><br \/>\n<span class=\"wpcf7-form-control-wrap\" data-name=\"interp-type\"><select class=\"wpcf7-form-control wpcf7-select wpcf7-validates-as-required\" id=\"interp-type\" aria-required=\"true\" aria-invalid=\"false\" name=\"interp-type\"><option value=\"\">&#8212;Please choose an option&#8212;<\/option><option value=\"Trafod archeb bresennol\">Trafod archeb bresennol<\/option><option value=\"Ymuno \u00e2\u2019r t\u00eem\">Ymuno \u00e2\u2019r t\u00eem<\/option><option value=\"Y Porthol\">Y Porthol<\/option><option value=\"Taliadau\">Taliadau<\/option><\/select><\/span>\n\t<\/p>\n\t<div data-id=\"join\" data-orig_data_id=\"join\" data-clear_on_hide class=\"\" data-class=\"wpcf7cf_group\">\n\t\t<p><label for=\"InterBookingref\">Nodwch eich cyfeirnod archebu:<\/label><br \/>\n<span class=\"wpcf7-form-control-wrap\" data-name=\"InterBookingref\"><input size=\"40\" maxlength=\"400\" class=\"wpcf7-form-control wpcf7-text wpcf7-validates-as-required\" id=\"InterBookingref\" autocomplete=\"off\" aria-required=\"true\" aria-invalid=\"false\" value=\"\" type=\"text\" name=\"InterBookingref\" \/><\/span>\n\t\t<\/p>\n\t<\/div>\n<\/div>\n<div data-id=\"partner\" data-orig_data_id=\"partner\" data-clear_on_hide class=\"\" data-class=\"wpcf7cf_group\">\n\t<p><strong><label for=\"partn-type\">Beth yw natur eich ymholiad?<\/label><\/strong><br \/>\n<span class=\"wpcf7-form-control-wrap\" data-name=\"partn-type\"><select class=\"wpcf7-form-control wpcf7-select wpcf7-validates-as-required\" id=\"partn-type\" aria-required=\"true\" aria-invalid=\"false\" name=\"partn-type\"><option value=\"\">&#8212;Please choose an option&#8212;<\/option><option value=\"Trafod archeb bresennol\">Trafod archeb bresennol<\/option><option value=\"Anfoneb\">Anfoneb<\/option><option value=\"Y Porthol\">Y Porthol<\/option><option value=\"Ymunwch \u00e2&#039;r Bartneriaeth\">Ymunwch \u00e2&#039;r Bartneriaeth<\/option><\/select><\/span>\n\t<\/p>\n\t<p><label for=\"partn-org\">Nodwch enw eich sefydliad:<\/label><br \/>\n<span class=\"wpcf7-form-control-wrap\" data-name=\"partn-org\"><input size=\"40\" maxlength=\"400\" class=\"wpcf7-form-control wpcf7-text wpcf7-validates-as-required\" id=\"partn-org\" autocomplete=\"organization\" aria-required=\"true\" aria-invalid=\"false\" value=\"\" type=\"text\" name=\"partn-org\" \/><\/span>\n\t<\/p>\n\t<p><label for=\"partn-dept\">Nodwch eich adran:<\/label><br \/>\n<span class=\"wpcf7-form-control-wrap\" data-name=\"partn-dept\"><input size=\"40\" maxlength=\"400\" class=\"wpcf7-form-control wpcf7-text wpcf7-validates-as-required\" id=\"partn-dept\" autocomplete=\"off\" aria-required=\"true\" aria-invalid=\"false\" value=\"\" type=\"text\" name=\"partn-dept\" \/><\/span>\n\t<\/p>\n\t<div data-id=\"partbookref\" data-orig_data_id=\"partbookref\" data-clear_on_hide class=\"\" data-class=\"wpcf7cf_group\">\n\t\t<p><label for=\"partn-bookref\">Nodwch eich cyfeirnod archebu:<\/label><br \/>\n<span class=\"wpcf7-form-control-wrap\" data-name=\"partn-bookref\"><input size=\"40\" maxlength=\"400\" class=\"wpcf7-form-control wpcf7-text wpcf7-validates-as-required\" id=\"partn-bookref\" autocomplete=\"off\" aria-required=\"true\" aria-invalid=\"false\" value=\"\" type=\"text\" name=\"partn-bookref\" \/><\/span>\n\t\t<\/p>\n\t<\/div>\n\t<div data-id=\"partinvoref\" data-orig_data_id=\"partinvoref\" data-clear_on_hide class=\"\" data-class=\"wpcf7cf_group\">\n\t\t<p><label for=\"partn-invref\">Nodwch gyfeirnod eich anfoneb:<\/label><br \/>\n<span class=\"wpcf7-form-control-wrap\" data-name=\"partn-invref\"><input size=\"40\" maxlength=\"400\" class=\"wpcf7-form-control wpcf7-text wpcf7-validates-as-required\" id=\"partn-invref\" autocomplete=\"off\" aria-required=\"true\" aria-invalid=\"false\" value=\"\" type=\"text\" name=\"partn-invref\" \/><\/span>\n\t\t<\/p>\n\t<\/div>\n<\/div>\n<p><label for=\"inter-msg\">Ysgrifennwch eich neges:<\/label><br \/>\n<span class=\"wpcf7-form-control-wrap\" data-name=\"inter-msg\"><textarea cols=\"40\" rows=\"10\" maxlength=\"2000\" class=\"wpcf7-form-control wpcf7-textarea wpcf7-validates-as-required\" id=\"inter-msg\" aria-required=\"true\" aria-invalid=\"false\" name=\"inter-msg\"><\/textarea><\/span>\n<\/p>\n\n<div class=\"wpcf7-response-output\" aria-hidden=\"true\"><\/div>\n<p><input class=\"wpcf7-form-control wpcf7-submit has-spinner\" type=\"submit\" value=\"Anfon\" \/>\n<\/p>\n<\/form>\n<\/div>\n[\/vc_tta_section][vc_tta_section i_icon_fontawesome=&#8221;fas fa-sign-language&#8221; add_icon=&#8221;true&#8221; title=&#8221;Arwyddo&#8221; tab_id=&#8221;sign&#8221;][vc_column_text]<\/p>\n<h3>\u00a0<a href=\"https:\/\/www.signvideo.co.uk\/our-story\/\"><img loading=\"lazy\" decoding=\"async\" class=\"alignnone wp-image-1419 size-full\" src=\"https:\/\/wits.wales\/wp-content\/uploads\/signvidlogov2.png\" alt=\"Sign Video Logo\" width=\"250\" height=\"48\" \/><\/a><\/h3>\n<p><a href=\"https:\/\/www.signvideo.co.uk\/our-story\/\" rel=\"noopener noreferrer\">Beth yw SignVideo <\/a><\/p>\n<p>Cysylltu \u00e2 chyfieithydd IAP drwy\u2019r ff\u00f4n fideo, gliniadur neu ff\u00f4n clyfar am ddim.<\/p>\n<p><a href=\"https:\/\/walesits.signvideo.net\/\" rel=\"noopener noreferrer\">Cysylltu \u00e2 chyfieithydd IAP <\/a>[\/vc_column_text][\/vc_tta_section][vc_tta_section i_icon_fontawesome=&#8221;fas fa-user-edit&#8221; add_icon=&#8221;true&#8221; title=&#8221;Cwynion&#8221; tab_id=&#8221;complaint&#8221;][vc_column_text]<\/p>\n<h3><i class=\"fa fa-comments\"><\/i> Cwynion<\/h3>\n<p>Lawrlwythwch ein\u00a0<a href=\"https:\/\/wits.wales\/wp-content\/uploads\/WITS-Complaints-Policy-2017-cymraeg.pdf\" rel=\"noopener noreferrer\">polisi cwynion (115kb PDF)<\/a><\/p>\n<p><strong><i class=\"fa fa-pencil\"><\/i> Ysgrifennwch atom<\/strong><br \/>\nGwasanaeth Dehongli a Chyfieithu,<br \/>\nCyngor Caerdydd. Neuadd y Sir, Glanfa\u2019r Iwerydd,<br \/>\nCaerdydd, CF10 4UW<\/p>\n<p><strong><i class=\"vc_tta-icon fa fa-laptop\"><\/i> Neu gwnewch g\u0175yn ar-lein<\/strong>[\/vc_column_text][vc_raw_html]JTNDZGl2JTIwaWQlM0QlMjJjb250YWN0Zm9ybSUyMiUyMHN0eWxlJTNEJTIybWFyZ2luJTNBMCUyMGF1dG8lM0IlMjB3aWR0aCUzQSUyMDk1JTI1JTNCJTIyJTNFJTVCY29udGFjdC1mb3JtLTclMjBpZCUzRCUyMjgyOSUyMiUyMHRpdGxlJTNEJTIyMjAxOV9Db21wbGFpbnRfZm9ybV9XZWxzaCUyMiU1RCUzQyUyRmRpdiUzRQ==[\/vc_raw_html][\/vc_tta_section][\/vc_tta_accordion][\/vc_column][\/vc_row][vc_row][vc_column width=&#8221;1\/1&#8243;]<div class=\"spacer\" style=\"height: 150px;\"><\/div>[\/vc_column][\/vc_row]<\/p>\n<\/div>","protected":false},"excerpt":{"rendered":"<p>[vc_row type=&#8221;full_width_section&#8221; bg_image=&#8221;80&#8243;][vc_column width=&#8221;1\/1&#8243;][\/vc_column][\/vc_row][vc_row top_padding=&#8221;45&#8243; row_id=&#8221;Contact&#8221;][vc_column animation=&#8221;fade-in&#8221; width=&#8221;1\/1&#8243;][vc_column_text] Cysylltwch \u00e2 ni Os oes gennych gwestiwn neu\u2019n dymuno cael rhagor o wybodaeth am WITS cysylltwch \u00e2 ni.[\/vc_column_text][vc_tta_accordion shape=&#8221;square&#8221; spacing=&#8221;4&#8243; gap=&#8221;4&#8243; c_icon=&#8221;&#8221; active_section=&#8221;12&#8243; no_fill=&#8221;true&#8221; collapsible_all=&#8221;true&#8221;][vc_tta_section i_icon_fontawesome=&#8221;fas fa-mobile-alt&#8221; add_icon=&#8221;true&#8221; title=&#8221;Dros y ff\u00f4n&#8221; tab_id=&#8221;call&#8221;][vc_column_text]02920 537 555 7am &#8211; 10pm &#8211; Pob ymholiad 10pm \u2013 7am &#8211; \u00a0Archebu dehonglydd ar frys[\/vc_column_text][\/vc_tta_section][vc_tta_section i_icon_fontawesome=&#8221;fas fa-pencil-alt&#8221; add_icon=&#8221;true&#8221; title=&#8221;Ar-lein&#8221; tab_id=&#8221;online&#8221;][\/vc_tta_section][vc_tta_section i_icon_fontawesome=&#8221;fas fa-sign-language&#8221; add_icon=&#8221;true&#8221; title=&#8221;Arwyddo&#8221; tab_id=&#8221;sign&#8221;][vc_column_text] \u00a0 Beth yw SignVideo Cysylltu \u00e2 chyfieithydd IAP drwy\u2019r ff\u00f4n fideo, gliniadur neu ff\u00f4n clyfar am ddim. Cysylltu \u00e2 chyfieithydd IAP [\/vc_column_text][\/vc_tta_section][vc_tta_section i_icon_fontawesome=&#8221;fas fa-user-edit&#8221; add_icon=&#8221;true&#8221; title=&#8221;Cwynion&#8221; tab_id=&#8221;complaint&#8221;][vc_column_text] Cwynion Lawrlwythwch ein\u00a0polisi cwynion (115kb PDF) Ysgrifennwch atom Gwasanaeth Dehongli a Chyfieithu, Cyngor Caerdydd. Neuadd y Sir, Glanfa\u2019r Iwerydd, Caerdydd, CF10 4UW Neu gwnewch g\u0175yn ar-lein[\/vc_column_text][vc_raw_html]JTNDZGl2JTIwaWQlM0QlMjJjb250YWN0Zm9ybSUyMiUyMHN0eWxlJTNEJTIybWFyZ2luJTNBMCUyMGF1dG8lM0IlMjB3aWR0aCUzQSUyMDk1JTI1JTNCJTIyJTNFJTVCY29udGFjdC1mb3JtLTclMjBpZCUzRCUyMjgyOSUyMiUyMHRpdGxlJTNEJTIyMjAxOV9Db21wbGFpbnRfZm9ybV9XZWxzaCUyMiU1RCUzQyUyRmRpdiUzRQ==[\/vc_raw_html][\/vc_tta_section][\/vc_tta_accordion][\/vc_column][\/vc_row][vc_row][vc_column width=&#8221;1\/1&#8243;][\/vc_column][\/vc_row]<\/p>\n","protected":false},"author":6,"featured_media":0,"parent":0,"menu_order":0,"comment_status":"closed","ping_status":"closed","template":"","meta":{"footnotes":""},"class_list":["post-1469","page","type-page","status-publish","hentry"],"yoast_head":"<!-- This site is optimized with the Yoast SEO plugin v27.2 - https:\/\/yoast.com\/product\/yoast-seo-wordpress\/ -->\n<title>Cysylltwch \u00e2 ni - Gwasanaeth Dehongli a Chyfieithu Cymru<\/title>\n<meta name=\"robots\" content=\"index, follow, max-snippet:-1, max-image-preview:large, max-video-preview:-1\" \/>\n<link rel=\"canonical\" href=\"https:\/\/www.wits.wales\/cy\/cysylltwch-a-ni\/\" \/>\n<meta property=\"og:locale\" content=\"cy_GB\" \/>\n<meta property=\"og:type\" content=\"article\" \/>\n<meta property=\"og:title\" content=\"Cysylltwch \u00e2 ni - Gwasanaeth Dehongli a Chyfieithu Cymru\" \/>\n<meta property=\"og:description\" content=\"[vc_row type=&#8221;full_width_section&#8221; bg_image=&#8221;80&#8243;][vc_column width=&#8221;1\/1&#8243;][\/vc_column][\/vc_row][vc_row top_padding=&#8221;45&#8243; row_id=&#8221;Contact&#8221;][vc_column animation=&#8221;fade-in&#8221; width=&#8221;1\/1&#8243;][vc_column_text] Cysylltwch \u00e2 ni Os oes gennych gwestiwn neu\u2019n dymuno cael rhagor o wybodaeth am WITS cysylltwch \u00e2 ni.[\/vc_column_text][vc_tta_accordion shape=&#8221;square&#8221; spacing=&#8221;4&#8243; gap=&#8221;4&#8243; c_icon=&#8221;&#8221; active_section=&#8221;12&#8243; no_fill=&#8221;true&#8221; collapsible_all=&#8221;true&#8221;][vc_tta_section i_icon_fontawesome=&#8221;fas fa-mobile-alt&#8221; add_icon=&#8221;true&#8221; title=&#8221;Dros y ff\u00f4n&#8221; tab_id=&#8221;call&#8221;][vc_column_text]02920 537 555 7am &#8211; 10pm &#8211; Pob ymholiad 10pm \u2013 7am &#8211; \u00a0Archebu dehonglydd ar frys[\/vc_column_text][\/vc_tta_section][vc_tta_section i_icon_fontawesome=&#8221;fas fa-pencil-alt&#8221; add_icon=&#8221;true&#8221; title=&#8221;Ar-lein&#8221; tab_id=&#8221;online&#8221;][\/vc_tta_section][vc_tta_section i_icon_fontawesome=&#8221;fas fa-sign-language&#8221; add_icon=&#8221;true&#8221; title=&#8221;Arwyddo&#8221; tab_id=&#8221;sign&#8221;][vc_column_text] \u00a0 Beth yw SignVideo Cysylltu \u00e2 chyfieithydd IAP drwy\u2019r ff\u00f4n fideo, gliniadur neu ff\u00f4n clyfar am ddim. Cysylltu \u00e2 chyfieithydd IAP [\/vc_column_text][\/vc_tta_section][vc_tta_section i_icon_fontawesome=&#8221;fas fa-user-edit&#8221; add_icon=&#8221;true&#8221; title=&#8221;Cwynion&#8221; tab_id=&#8221;complaint&#8221;][vc_column_text] Cwynion Lawrlwythwch ein\u00a0polisi cwynion (115kb PDF) Ysgrifennwch atom Gwasanaeth Dehongli a Chyfieithu, Cyngor Caerdydd. Neuadd y Sir, Glanfa\u2019r Iwerydd, Caerdydd, CF10 4UW Neu gwnewch g\u0175yn ar-lein[\/vc_column_text][vc_raw_html]JTNDZGl2JTIwaWQlM0QlMjJjb250YWN0Zm9ybSUyMiUyMHN0eWxlJTNEJTIybWFyZ2luJTNBMCUyMGF1dG8lM0IlMjB3aWR0aCUzQSUyMDk1JTI1JTNCJTIyJTNFJTVCY29udGFjdC1mb3JtLTclMjBpZCUzRCUyMjgyOSUyMiUyMHRpdGxlJTNEJTIyMjAxOV9Db21wbGFpbnRfZm9ybV9XZWxzaCUyMiU1RCUzQyUyRmRpdiUzRQ==[\/vc_raw_html][\/vc_tta_section][\/vc_tta_accordion][\/vc_column][\/vc_row][vc_row][vc_column width=&#8221;1\/1&#8243;][\/vc_column][\/vc_row]\" \/>\n<meta property=\"og:url\" content=\"https:\/\/www.wits.wales\/cy\/cysylltwch-a-ni\/\" \/>\n<meta property=\"og:site_name\" content=\"Gwasanaeth Dehongli a Chyfieithu Cymru\" \/>\n<meta property=\"article:modified_time\" content=\"2024-07-31T14:47:34+00:00\" \/>\n<meta property=\"og:image\" content=\"https:\/\/wits.wales\/wp-content\/uploads\/signvidlogov2.png\" \/>\n<meta name=\"twitter:card\" content=\"summary_large_image\" \/>\n<meta name=\"twitter:label1\" content=\"Est. reading time\" \/>\n\t<meta name=\"twitter:data1\" content=\"1 minute\" \/>\n<script type=\"application\/ld+json\" class=\"yoast-schema-graph\">{\"@context\":\"https:\/\/schema.org\",\"@graph\":[{\"@type\":\"WebPage\",\"@id\":\"https:\/\/www.wits.wales\/cy\/cysylltwch-a-ni\/\",\"url\":\"https:\/\/www.wits.wales\/cy\/cysylltwch-a-ni\/\",\"name\":\"Cysylltwch \u00e2 ni - Gwasanaeth Dehongli a Chyfieithu Cymru\",\"isPartOf\":{\"@id\":\"https:\/\/www.wits.wales\/#website\"},\"primaryImageOfPage\":{\"@id\":\"https:\/\/www.wits.wales\/cy\/cysylltwch-a-ni\/#primaryimage\"},\"image\":{\"@id\":\"https:\/\/www.wits.wales\/cy\/cysylltwch-a-ni\/#primaryimage\"},\"thumbnailUrl\":\"https:\/\/wits.wales\/wp-content\/uploads\/signvidlogov2.png\",\"datePublished\":\"2023-04-27T12:43:05+00:00\",\"dateModified\":\"2024-07-31T14:47:34+00:00\",\"breadcrumb\":{\"@id\":\"https:\/\/www.wits.wales\/cy\/cysylltwch-a-ni\/#breadcrumb\"},\"inLanguage\":\"cy-GB\",\"potentialAction\":[{\"@type\":\"ReadAction\",\"target\":[\"https:\/\/www.wits.wales\/cy\/cysylltwch-a-ni\/\"]}]},{\"@type\":\"ImageObject\",\"inLanguage\":\"cy-GB\",\"@id\":\"https:\/\/www.wits.wales\/cy\/cysylltwch-a-ni\/#primaryimage\",\"url\":\"https:\/\/wits.wales\/wp-content\/uploads\/signvidlogov2.png\",\"contentUrl\":\"https:\/\/wits.wales\/wp-content\/uploads\/signvidlogov2.png\"},{\"@type\":\"BreadcrumbList\",\"@id\":\"https:\/\/www.wits.wales\/cy\/cysylltwch-a-ni\/#breadcrumb\",\"itemListElement\":[{\"@type\":\"ListItem\",\"position\":1,\"name\":\"Home\",\"item\":\"https:\/\/www.wits.wales\/cy\/\"},{\"@type\":\"ListItem\",\"position\":2,\"name\":\"Cysylltwch \u00e2 ni\"}]},{\"@type\":\"WebSite\",\"@id\":\"https:\/\/www.wits.wales\/#website\",\"url\":\"https:\/\/www.wits.wales\/\",\"name\":\"Gwasanaeth Dehongli a Chyfieithu Cymru\",\"description\":\"Language should never be a barrier.\",\"potentialAction\":[{\"@type\":\"SearchAction\",\"target\":{\"@type\":\"EntryPoint\",\"urlTemplate\":\"https:\/\/www.wits.wales\/?s={search_term_string}\"},\"query-input\":{\"@type\":\"PropertyValueSpecification\",\"valueRequired\":true,\"valueName\":\"search_term_string\"}}],\"inLanguage\":\"cy-GB\"}]}<\/script>\n<!-- \/ Yoast SEO plugin. -->","yoast_head_json":{"title":"Cysylltwch \u00e2 ni - Gwasanaeth Dehongli a Chyfieithu Cymru","robots":{"index":"index","follow":"follow","max-snippet":"max-snippet:-1","max-image-preview":"max-image-preview:large","max-video-preview":"max-video-preview:-1"},"canonical":"https:\/\/www.wits.wales\/cy\/cysylltwch-a-ni\/","og_locale":"cy_GB","og_type":"article","og_title":"Cysylltwch \u00e2 ni - Gwasanaeth Dehongli a Chyfieithu Cymru","og_description":"[vc_row type=&#8221;full_width_section&#8221; bg_image=&#8221;80&#8243;][vc_column width=&#8221;1\/1&#8243;][\/vc_column][\/vc_row][vc_row top_padding=&#8221;45&#8243; row_id=&#8221;Contact&#8221;][vc_column animation=&#8221;fade-in&#8221; width=&#8221;1\/1&#8243;][vc_column_text] Cysylltwch \u00e2 ni Os oes gennych gwestiwn neu\u2019n dymuno cael rhagor o wybodaeth am WITS cysylltwch \u00e2 ni.[\/vc_column_text][vc_tta_accordion shape=&#8221;square&#8221; spacing=&#8221;4&#8243; gap=&#8221;4&#8243; c_icon=&#8221;&#8221; active_section=&#8221;12&#8243; no_fill=&#8221;true&#8221; collapsible_all=&#8221;true&#8221;][vc_tta_section i_icon_fontawesome=&#8221;fas fa-mobile-alt&#8221; add_icon=&#8221;true&#8221; title=&#8221;Dros y ff\u00f4n&#8221; tab_id=&#8221;call&#8221;][vc_column_text]02920 537 555 7am &#8211; 10pm &#8211; Pob ymholiad 10pm \u2013 7am &#8211; \u00a0Archebu dehonglydd ar frys[\/vc_column_text][\/vc_tta_section][vc_tta_section i_icon_fontawesome=&#8221;fas fa-pencil-alt&#8221; add_icon=&#8221;true&#8221; title=&#8221;Ar-lein&#8221; tab_id=&#8221;online&#8221;][\/vc_tta_section][vc_tta_section i_icon_fontawesome=&#8221;fas fa-sign-language&#8221; add_icon=&#8221;true&#8221; title=&#8221;Arwyddo&#8221; tab_id=&#8221;sign&#8221;][vc_column_text] \u00a0 Beth yw SignVideo Cysylltu \u00e2 chyfieithydd IAP drwy\u2019r ff\u00f4n fideo, gliniadur neu ff\u00f4n clyfar am ddim. Cysylltu \u00e2 chyfieithydd IAP [\/vc_column_text][\/vc_tta_section][vc_tta_section i_icon_fontawesome=&#8221;fas fa-user-edit&#8221; add_icon=&#8221;true&#8221; title=&#8221;Cwynion&#8221; tab_id=&#8221;complaint&#8221;][vc_column_text] Cwynion Lawrlwythwch ein\u00a0polisi cwynion (115kb PDF) Ysgrifennwch atom Gwasanaeth Dehongli a Chyfieithu, Cyngor Caerdydd. Neuadd y Sir, Glanfa\u2019r Iwerydd, Caerdydd, CF10 4UW Neu gwnewch g\u0175yn ar-lein[\/vc_column_text][vc_raw_html]JTNDZGl2JTIwaWQlM0QlMjJjb250YWN0Zm9ybSUyMiUyMHN0eWxlJTNEJTIybWFyZ2luJTNBMCUyMGF1dG8lM0IlMjB3aWR0aCUzQSUyMDk1JTI1JTNCJTIyJTNFJTVCY29udGFjdC1mb3JtLTclMjBpZCUzRCUyMjgyOSUyMiUyMHRpdGxlJTNEJTIyMjAxOV9Db21wbGFpbnRfZm9ybV9XZWxzaCUyMiU1RCUzQyUyRmRpdiUzRQ==[\/vc_raw_html][\/vc_tta_section][\/vc_tta_accordion][\/vc_column][\/vc_row][vc_row][vc_column width=&#8221;1\/1&#8243;][\/vc_column][\/vc_row]","og_url":"https:\/\/www.wits.wales\/cy\/cysylltwch-a-ni\/","og_site_name":"Gwasanaeth Dehongli a Chyfieithu Cymru","article_modified_time":"2024-07-31T14:47:34+00:00","og_image":[{"url":"https:\/\/wits.wales\/wp-content\/uploads\/signvidlogov2.png","type":"","width":"","height":""}],"twitter_card":"summary_large_image","twitter_misc":{"Est. reading time":"1 minute"},"schema":{"@context":"https:\/\/schema.org","@graph":[{"@type":"WebPage","@id":"https:\/\/www.wits.wales\/cy\/cysylltwch-a-ni\/","url":"https:\/\/www.wits.wales\/cy\/cysylltwch-a-ni\/","name":"Cysylltwch \u00e2 ni - Gwasanaeth Dehongli a Chyfieithu Cymru","isPartOf":{"@id":"https:\/\/www.wits.wales\/#website"},"primaryImageOfPage":{"@id":"https:\/\/www.wits.wales\/cy\/cysylltwch-a-ni\/#primaryimage"},"image":{"@id":"https:\/\/www.wits.wales\/cy\/cysylltwch-a-ni\/#primaryimage"},"thumbnailUrl":"https:\/\/wits.wales\/wp-content\/uploads\/signvidlogov2.png","datePublished":"2023-04-27T12:43:05+00:00","dateModified":"2024-07-31T14:47:34+00:00","breadcrumb":{"@id":"https:\/\/www.wits.wales\/cy\/cysylltwch-a-ni\/#breadcrumb"},"inLanguage":"cy-GB","potentialAction":[{"@type":"ReadAction","target":["https:\/\/www.wits.wales\/cy\/cysylltwch-a-ni\/"]}]},{"@type":"ImageObject","inLanguage":"cy-GB","@id":"https:\/\/www.wits.wales\/cy\/cysylltwch-a-ni\/#primaryimage","url":"https:\/\/wits.wales\/wp-content\/uploads\/signvidlogov2.png","contentUrl":"https:\/\/wits.wales\/wp-content\/uploads\/signvidlogov2.png"},{"@type":"BreadcrumbList","@id":"https:\/\/www.wits.wales\/cy\/cysylltwch-a-ni\/#breadcrumb","itemListElement":[{"@type":"ListItem","position":1,"name":"Home","item":"https:\/\/www.wits.wales\/cy\/"},{"@type":"ListItem","position":2,"name":"Cysylltwch \u00e2 ni"}]},{"@type":"WebSite","@id":"https:\/\/www.wits.wales\/#website","url":"https:\/\/www.wits.wales\/","name":"Gwasanaeth Dehongli a Chyfieithu Cymru","description":"Language should never be a barrier.","potentialAction":[{"@type":"SearchAction","target":{"@type":"EntryPoint","urlTemplate":"https:\/\/www.wits.wales\/?s={search_term_string}"},"query-input":{"@type":"PropertyValueSpecification","valueRequired":true,"valueName":"search_term_string"}}],"inLanguage":"cy-GB"}]}},"_links":{"self":[{"href":"https:\/\/www.wits.wales\/cy\/wp-json\/wp\/v2\/pages\/1469","targetHints":{"allow":["GET"]}}],"collection":[{"href":"https:\/\/www.wits.wales\/cy\/wp-json\/wp\/v2\/pages"}],"about":[{"href":"https:\/\/www.wits.wales\/cy\/wp-json\/wp\/v2\/types\/page"}],"author":[{"embeddable":true,"href":"https:\/\/www.wits.wales\/cy\/wp-json\/wp\/v2\/users\/6"}],"replies":[{"embeddable":true,"href":"https:\/\/www.wits.wales\/cy\/wp-json\/wp\/v2\/comments?post=1469"}],"version-history":[{"count":5,"href":"https:\/\/www.wits.wales\/cy\/wp-json\/wp\/v2\/pages\/1469\/revisions"}],"predecessor-version":[{"id":2116,"href":"https:\/\/www.wits.wales\/cy\/wp-json\/wp\/v2\/pages\/1469\/revisions\/2116"}],"wp:attachment":[{"href":"https:\/\/www.wits.wales\/cy\/wp-json\/wp\/v2\/media?parent=1469"}],"curies":[{"name":"wp","href":"https:\/\/api.w.org\/{rel}","templated":true}]}}